{"id":4466,"date":"2023-03-31T15:20:24","date_gmt":"2023-03-31T13:20:24","guid":{"rendered":"https:\/\/www.lover-coach.com\/subscription\/"},"modified":"2025-11-28T15:36:30","modified_gmt":"2025-11-28T14:36:30","slug":"subscription","status":"publish","type":"page","link":"https:\/\/www.lover-coach.com\/en\/subscription\/","title":{"rendered":"Subscription"},"content":{"rendered":"<div class=\"wpb-content-wrapper\"><p>[vc_row][vc_column]<div class='jpw-wrapper col_2 clearfix'><div class='package-item '>\n\t\t\t\t\t\t\t\t<div class='package-title'>\n\t\t\t\t\t\t\t\t\t<h3>ACHETER ARTICLE<\/h3>\n\t\t\t\t\t\t\t\t<\/div>\n\t\t\t\t\t\t\t\t\t<div class='package-image'><img src=https:\/\/www.lover-coach.com\/wp-content\/uploads\/2023\/04\/acheter_article.svg><\/div>\n\t\t\t\t\t\t\t\t<div class='package-price'>\n\t\t\t\t\t\t\t\t\t<span class='price'><span class=\"woocommerce-Price-amount amount\"><bdi>2,00&nbsp;<span class=\"woocommerce-Price-currencySymbol\">&euro;<\/span><\/bdi><\/span><\/span><span class='duration'>\/1 posts <\/span>\n\t\t\t\t\t\t\t\t\t\n\t\t\t\t\t\t\t\t<\/div>\n\t\t\t\t\t\t\t\t\t<div class='package-description'><p style=\"text-align: center;\">Envie de lire un article ? Souscrivez \u00e0 ce pack et et d\u00e9bloquez l'article de votre choix.<\/p><\/div>\n\t\t\t\t\t\t\t\t<div class='package-button jpw-button'>\n\t\t\t\t\t\t\t\t\t<a href='' class='button btn outline' data-product_id='101' data-recurring='no'><span>Acheter<\/span><i class='fa fa-spinner fa-pulse' style='display: none;'><\/i><\/a>\n\t\t\t\t\t\t\t\t<\/div>\n\t\t\t\t\t\t\t<\/div><div class='package-item '>\n\t\t\t\t\t\t\t\t<div class='package-title'>\n\t\t\t\t\t\t\t\t\t<h3>PREMIUM<\/h3>\n\t\t\t\t\t\t\t\t<\/div>\n\t\t\t\t\t\t\t\t\t<div class='package-image'><img src=https:\/\/www.lover-coach.com\/wp-content\/uploads\/2023\/04\/abonnement_premium.svg><\/div>\n\t\t\t\t\t\t\t\t<div class='package-price'>\n\t\t\t\t\t\t\t\t\t<span class='price'><span class=\"woocommerce-Price-amount amount\"><bdi>28,50&nbsp;<span class=\"woocommerce-Price-currencySymbol\">&euro;<\/span><\/bdi><\/span><\/span><span class='duration'>\/2 Weeks <\/span>\n\t\t\t\t\t\t\t\t\t\n\t\t\t\t\t\t\t\t<\/div>\n\t\t\t\t\t\t\t\t\t<div class='package-description'><p style=\"text-align: center;\">Profitez d'un acc\u00e8s illimit\u00e9 \u00e0 tous les articles du site, sans limite de consultation !<\/p><\/div>\n\t\t\t\t\t\t\t\t<div class='package-button jpw-button'>\n\t\t\t\t\t\t\t\t\t<a href='' class='button btn outline' data-product_id='2874' data-recurring='no'><span>Acheter<\/span><i class='fa fa-spinner fa-pulse' style='display: none;'><\/i><\/a>\n\t\t\t\t\t\t\t\t<\/div>\n\t\t\t\t\t\t\t<\/div><\/div>[\/vc_column][\/vc_row]<\/p>\n<\/div>","protected":false},"excerpt":{"rendered":"<p>[vc_row][vc_column][\/vc_column][\/vc_row]<\/p>\n","protected":false},"author":1,"featured_media":0,"parent":0,"menu_order":0,"comment_status":"closed","ping_status":"closed","template":"","meta":{"inline_featured_image":false,"jnews_page_loop":{"first_title":"Latest Post","header_type":"heading_6","layout":"right-sidebar","sidebar":"default-sidebar","second_sidebar":"default-sidebar","sticky_sidebar":"1","module":"3","main_custom_image_size":"default","second_custom_image_size":"default","excerpt_length":"20","content_date":"default","date_custom":"Y\/m\/d","content_pagination":"nav_1","pagination_align":"center","post_sticky":"0","post_offset":"0","posts_per_page":"5","sort_by":"latest"},"jnews_single_page":{"layout":"no-sidebar","sidebar":"default-sidebar","second_sidebar":"default-sidebar","sticky_sidebar":"1","show_post_title":"1","show_post_breadcrumbs":"1","show_post_featured":"1","share_position":"hide","share_color":"share-monocrhome"},"jnews_social_meta":[],"footnotes":""},"class_list":["post-4466","page","type-page","status-publish","hentry"],"_links":{"self":[{"href":"https:\/\/www.lover-coach.com\/en\/wp-json\/wp\/v2\/pages\/4466","targetHints":{"allow":["GET"]}}],"collection":[{"href":"https:\/\/www.lover-coach.com\/en\/wp-json\/wp\/v2\/pages"}],"about":[{"href":"https:\/\/www.lover-coach.com\/en\/wp-json\/wp\/v2\/types\/page"}],"author":[{"embeddable":true,"href":"https:\/\/www.lover-coach.com\/en\/wp-json\/wp\/v2\/users\/1"}],"replies":[{"embeddable":true,"href":"https:\/\/www.lover-coach.com\/en\/wp-json\/wp\/v2\/comments?post=4466"}],"version-history":[{"count":10,"href":"https:\/\/www.lover-coach.com\/en\/wp-json\/wp\/v2\/pages\/4466\/revisions"}],"predecessor-version":[{"id":4955,"href":"https:\/\/www.lover-coach.com\/en\/wp-json\/wp\/v2\/pages\/4466\/revisions\/4955"}],"wp:attachment":[{"href":"https:\/\/www.lover-coach.com\/en\/wp-json\/wp\/v2\/media?parent=4466"}],"curies":[{"name":"wp","href":"https:\/\/api.w.org\/{rel}","templated":true}]}}